{"id":467,"date":"2025-02-25T12:32:23","date_gmt":"2025-02-25T12:32:23","guid":{"rendered":"https:\/\/trudnednitam.pl\/?page_id=467"},"modified":"2025-02-25T12:32:25","modified_gmt":"2025-02-25T12:32:25","slug":"autorzy","status":"publish","type":"page","link":"https:\/\/trudnednitam.pl\/ro\/autorzy\/","title":{"rendered":"Autori"},"content":{"rendered":"","protected":false},"excerpt":{"rendered":"","protected":false},"author":1,"featured_media":0,"parent":0,"menu_order":0,"comment_status":"closed","ping_status":"closed","template":"","meta":{"_acf_changed":false,"footnotes":""},"class_list":["post-467","page","type-page","status-publish","hentry"],"acf":[],"yoast_head":"<!-- This site is optimized with the Yoast SEO plugin v23.2 - https:\/\/yoast.com\/wordpress\/plugins\/seo\/ -->\n<title>Autorzy - trudnednitam.pl<\/title>\n<meta name=\"robots\" content=\"index, follow, max-snippet:-1, max-image-preview:large, max-video-preview:-1\" \/>\n<link rel=\"canonical\" href=\"https:\/\/trudnednitam.pl\/ro\/autorzy\/\" \/>\n<meta property=\"og:locale\" content=\"ro_RO\" \/>\n<meta property=\"og:type\" content=\"article\" \/>\n<meta property=\"og:title\" content=\"Autorzy - trudnednitam.pl\" \/>\n<meta property=\"og:url\" content=\"https:\/\/trudnednitam.pl\/ro\/autorzy\/\" \/>\n<meta property=\"og:site_name\" content=\"trudnednitam.pl\" \/>\n<meta property=\"article:modified_time\" content=\"2025-02-25T12:32:25+00:00\" \/>\n<meta name=\"twitter:card\" content=\"summary_large_image\" \/>\n<meta name=\"twitter:label1\" content=\"Timp estimat pentru citire\" \/>\n\t<meta name=\"twitter:data1\" content=\"1 minut\" \/>\n<script type=\"application\/ld+json\" class=\"yoast-schema-graph\">{\"@context\":\"https:\/\/schema.org\",\"@graph\":[{\"@type\":\"WebPage\",\"@id\":\"https:\/\/trudnednitam.pl\/autorzy\/\",\"url\":\"https:\/\/trudnednitam.pl\/autorzy\/\",\"name\":\"Autorzy - trudnednitam.pl\",\"isPartOf\":{\"@id\":\"https:\/\/trudnednitam.pl\/#website\"},\"datePublished\":\"2025-02-25T12:32:23+00:00\",\"dateModified\":\"2025-02-25T12:32:25+00:00\",\"breadcrumb\":{\"@id\":\"https:\/\/trudnednitam.pl\/autorzy\/#breadcrumb\"},\"inLanguage\":\"ro-RO\",\"potentialAction\":[{\"@type\":\"ReadAction\",\"target\":[\"https:\/\/trudnednitam.pl\/autorzy\/\"]}]},{\"@type\":\"BreadcrumbList\",\"@id\":\"https:\/\/trudnednitam.pl\/autorzy\/#breadcrumb\",\"itemListElement\":[{\"@type\":\"ListItem\",\"position\":1,\"name\":\"Home\",\"item\":\"https:\/\/trudnednitam.pl\/\"},{\"@type\":\"ListItem\",\"position\":2,\"name\":\"Autorzy\"}]},{\"@type\":\"WebSite\",\"@id\":\"https:\/\/trudnednitam.pl\/#website\",\"url\":\"https:\/\/trudnednitam.pl\/\",\"name\":\"trudnednitam.pl\",\"description\":\"N\u00f3\u017c Huusk: precyzja w przyst\u0119pnej cenie.\",\"potentialAction\":[{\"@type\":\"SearchAction\",\"target\":{\"@type\":\"EntryPoint\",\"urlTemplate\":\"https:\/\/trudnednitam.pl\/?s={search_term_string}\"},\"query-input\":\"required name=search_term_string\"}],\"inLanguage\":\"ro-RO\"}]}<\/script>\n<!-- \/ Yoast SEO plugin. -->","yoast_head_json":{"title":"Autorzy - trudnednitam.pl","robots":{"index":"index","follow":"follow","max-snippet":"max-snippet:-1","max-image-preview":"max-image-preview:large","max-video-preview":"max-video-preview:-1"},"canonical":"https:\/\/trudnednitam.pl\/ro\/autorzy\/","og_locale":"ro_RO","og_type":"article","og_title":"Autorzy - trudnednitam.pl","og_url":"https:\/\/trudnednitam.pl\/ro\/autorzy\/","og_site_name":"trudnednitam.pl","article_modified_time":"2025-02-25T12:32:25+00:00","twitter_card":"summary_large_image","twitter_misc":{"Timp estimat pentru citire":"1 minut"},"schema":{"@context":"https:\/\/schema.org","@graph":[{"@type":"WebPage","@id":"https:\/\/trudnednitam.pl\/autorzy\/","url":"https:\/\/trudnednitam.pl\/autorzy\/","name":"Autorzy - trudnednitam.pl","isPartOf":{"@id":"https:\/\/trudnednitam.pl\/#website"},"datePublished":"2025-02-25T12:32:23+00:00","dateModified":"2025-02-25T12:32:25+00:00","breadcrumb":{"@id":"https:\/\/trudnednitam.pl\/autorzy\/#breadcrumb"},"inLanguage":"ro-RO","potentialAction":[{"@type":"ReadAction","target":["https:\/\/trudnednitam.pl\/autorzy\/"]}]},{"@type":"BreadcrumbList","@id":"https:\/\/trudnednitam.pl\/autorzy\/#breadcrumb","itemListElement":[{"@type":"ListItem","position":1,"name":"Home","item":"https:\/\/trudnednitam.pl\/"},{"@type":"ListItem","position":2,"name":"Autorzy"}]},{"@type":"WebSite","@id":"https:\/\/trudnednitam.pl\/#website","url":"https:\/\/trudnednitam.pl\/","name":"trudnednitam.pl","description":"N\u00f3\u017c Huusk: precyzja w przyst\u0119pnej cenie.","potentialAction":[{"@type":"SearchAction","target":{"@type":"EntryPoint","urlTemplate":"https:\/\/trudnednitam.pl\/?s={search_term_string}"},"query-input":"required name=search_term_string"}],"inLanguage":"ro-RO"}]}},"yoast_meta":{"yoast_wpseo_title":"","yoast_wpseo_metadesc":"","yoast_wpseo_canonical":"https:\/\/trudnednitam.pl\/ro\/wp-json\/wp\/v2\/pages\/467"},"_links":{"self":[{"href":"https:\/\/trudnednitam.pl\/ro\/wp-json\/wp\/v2\/pages\/467","targetHints":{"allow":["GET"]}}],"collection":[{"href":"https:\/\/trudnednitam.pl\/ro\/wp-json\/wp\/v2\/pages"}],"about":[{"href":"https:\/\/trudnednitam.pl\/ro\/wp-json\/wp\/v2\/types\/page"}],"author":[{"embeddable":true,"href":"https:\/\/trudnednitam.pl\/ro\/wp-json\/wp\/v2\/users\/1"}],"replies":[{"embeddable":true,"href":"https:\/\/trudnednitam.pl\/ro\/wp-json\/wp\/v2\/comments?post=467"}],"version-history":[{"count":1,"href":"https:\/\/trudnednitam.pl\/ro\/wp-json\/wp\/v2\/pages\/467\/revisions"}],"predecessor-version":[{"id":469,"href":"https:\/\/trudnednitam.pl\/ro\/wp-json\/wp\/v2\/pages\/467\/revisions\/469"}],"wp:attachment":[{"href":"https:\/\/trudnednitam.pl\/ro\/wp-json\/wp\/v2\/media?parent=467"}],"curies":[{"name":"wp","href":"https:\/\/api.w.org\/{rel}","templated":true}]}}